{"id":2334,"date":"2019-05-08T02:09:43","date_gmt":"2019-05-08T01:09:43","guid":{"rendered":"https:\/\/apart-herzog.at\/kontakt\/"},"modified":"2022-10-30T12:14:59","modified_gmt":"2022-10-30T11:14:59","slug":"contact","status":"publish","type":"page","link":"https:\/\/www.apart-herzog.at\/en\/contact\/","title":{"rendered":"Arrival"},"content":{"rendered":"<div id='av_section_1'  class='avia-section main_color avia-section-default avia-no-border-styling  avia-bg-style-fixed  avia-builder-el-0  el_before_av_section  avia-builder-el-first  full-width  av-minimum-height av-minimum-height-custom  container_wrap sidebar_right' style='background-repeat: no-repeat; background-image: url(https:\/\/www.apart-herzog.at\/wp-content\/uploads\/2022\/05\/AH_Paar_1351_web-1920x1300.jpg);background-attachment: fixed; background-position: center center;  '  data-section-bg-repeat='no-repeat'><div class='container' style='height:450px'><main  role=\"main\" itemprop=\"mainContentOfPage\"  class='template-page content  av-content-small alpha units'><div class='post-entry post-entry-type-page post-entry-2334'><div class='entry-content-wrapper clearfix'>\n<\/div><\/div><\/main><!-- close content main element --><\/div><\/div><div id='anfahrt'  class='avia-section main_color avia-section-default avia-no-border-styling  avia-bg-style-scroll  avia-builder-el-1  el_after_av_section  el_before_av_button_big   container_wrap sidebar_right' style=' '  ><div class='container' ><div class='template-page content  av-content-small alpha units'><div class='post-entry post-entry-type-page post-entry-2334'><div class='entry-content-wrapper clearfix'>\n<div class=\"flex_column av_one_fifth  flex_column_div av-zero-column-padding first  avia-builder-el-2  el_before_av_three_fifth  avia-builder-el-first  responsive-hide \" style='border-radius:0px; '><\/div><div class=\"flex_column av_three_fifth  flex_column_div   avia-builder-el-3  el_after_av_one_fifth  el_before_av_one_fifth  \" ><p><div  style='padding-bottom:10px; ' class='av-special-heading av-special-heading-h1  blockquote modern-quote modern-centered  avia-builder-el-4  el_before_av_textblock  avia-builder-el-first  '><div class ='av-subheading av-subheading_above  ' style='font-size:15px;'><p>Many roads lead to us<\/p>\n<\/div><h1 class='av-special-heading-tag '  itemprop=\"headline\"  >Arrival at Apart Herzog Leogang<\/h1><div class='special-heading-border'><div class='special-heading-inner-border' ><\/div><\/div><\/div><br \/>\n<section class=\"av_textblock_section \"  itemscope=\"itemscope\" itemtype=\"https:\/\/schema.org\/CreativeWork\" ><div class='avia_textblock  '   itemprop=\"text\" ><p style=\"text-align: center;\">The Apart Herzog is located directly at the Steinbergbahn valley station between the Asitz valley station and the village centre Leogang. Additionally to the signs for the valley station you can also find two flags of the Hotel Krallerhof on the main street. During the nights the entrance over the Krallerhof-Bridge is well illuminated. Turn right immediately after the bridge \u2013 through the Steinbergbahn parking slot and over a small hill into the brown carport.<\/p>\n<p style=\"text-align: center;\">At the arrival day the apartment is available from 3pm onwards. Of course you can unload your suitcase earlier and change clothes in the ski- or bikeroom. After the long journey you can enjoy some <a href=\"https:\/\/apart-herzog.at\/en\/skiing-and-snowboarding\/\">swings on the Steinbergpiste<\/a> (the skipass is valid the day before from 3pm onwards!) or stretch your legs on a\u00a0<a href=\"https:\/\/www.apart-herzog.at\/en\/winter-hiking-in-leogang\/\">small hiking tour.<\/a><\/p>\n<\/div><\/section><\/p><\/div><div class=\"flex_column av_one_fifth  flex_column_div av-zero-column-padding   avia-builder-el-6  el_after_av_three_fifth  el_before_av_one_fifth  responsive-hide \" style='border-radius:0px; '><\/div><div class=\"flex_column av_one_fifth  flex_column_div av-zero-column-padding first  avia-builder-el-7  el_after_av_one_fifth  el_before_av_three_fifth  responsive-hide column-top-margin\" style='border-radius:0px; '><section class=\"av_textblock_section \"  itemscope=\"itemscope\" itemtype=\"https:\/\/schema.org\/CreativeWork\" ><div class='avia_textblock  '   itemprop=\"text\" ><h4>By car<\/h4>\n<\/div><\/section><br \/>\n<span  class=\"av_font_icon avia_animate_when_visible avia-icon-animate  av-icon-style-  av-no-color avia-icon-pos-left \" style=\"\"><span class='av-icon-char' style='font-size:40px;line-height:40px;' aria-hidden='true' data-av_icon='\u012a' data-av_iconfont='fontello' ><\/span><\/span><\/p><\/div><div class=\"flex_column av_three_fifth  flex_column_div   avia-builder-el-10  el_after_av_one_fifth  el_before_av_one_fifth  column-top-margin\" ><section class=\"av_textblock_section \"  itemscope=\"itemscope\" itemtype=\"https:\/\/schema.org\/CreativeWork\" ><div class='avia_textblock  '   itemprop=\"text\" ><h4>Arrival in winter<\/h4>\n<p>Fresh snow and mud make the access road (200m) to our house difficult in winter. If you do not have snow chains, we recommend that you park your car that night as a temporary solution on the Steinbergbahn car park.<\/p>\n<h4>From direction Munich<\/h4>\n<p><strong>Toll road option:<\/strong><br \/>\nMunich \u2013 motorway A8: Brunntaldreieck\/direction Innsbruck \u2013 Inntaldreieck\/direction Innsbruck \u2013 Kufsteinf\/Kiefersfelden \u2013 exit Kufstein south \u2013 St. Johann\/Tirol \u2013 Fieberbrunn \u2013 Hochfilzen \u2013 Leogang<\/p>\n<p><strong>Toll free options:<\/strong><br \/>\nMunich \u2013 motorway A8: Brunntaldreieck\/direction Innsbruck \u2013 Inntaldreieck\/direction Innsbruck \u2013 exit Oberaudorf (last exit on German side) \u2013 Niederndorf \u2013 Walchsee \u2013 K\u00f6ssen \u2013 St. Johann\/Tirol \u2013 Fieberbrunn \u2013 Hochfilzen \u2013 Leogang<br \/>\n<strong>or:<\/strong><br \/>\nMunich \u2013 motorway A8 direction Rosenheim\/Salzburg \u2013 exit Traunstein\/Siegsdorf \u2013 Inzell \u2013 Schneizelreuth \u2013 Unken \u2013 Lofer \u2013 Saalfelden \u2013 Leogang<\/p>\n<h4>From direction Graz<\/h4>\n<p>Direction Bruck an der Mur \u2013 Liezen \u2013 Schladming \u2013 Radstadt \u2013 motorway A10 direction Salzburg \u2013 at the motorway intersection Pongau\/Bischofshofen leave the motorway \u2013 Hochk\u00f6nigsstra\u00dfe direction M\u00fchlbach \u2013 Dienten \u2013 Saalfelden \u2013 Leogang<\/p>\n<h4>From direction Vienna<\/h4>\n<p>Vienna \u2013 A1 westmotorway until Salzburg \u2013 exit Wals\/Lofer \u2013 little german corner \u2013 Bad Reichenhall \u2013 Steinpass \u2013 Lofer \u2013 Saalfelden \u2013 Leogang<\/p>\n<\/div><\/section><\/div><div class=\"flex_column av_one_fifth  flex_column_div av-zero-column-padding   avia-builder-el-12  el_after_av_three_fifth  el_before_av_hr  responsive-hide column-top-margin\" style='border-radius:0px; '><\/div><div  style=' margin-top:30px; margin-bottom:47px;'  class='hr hr-custom hr-center hr-icon-no   avia-builder-el-13  el_after_av_one_fifth  el_before_av_one_fifth  anfahrt-space'><span class='hr-inner  inner-border-av-border-thin' style=' width:1200px; border-color:#212222;' ><span class='hr-inner-style'><\/span><\/span><\/div>\n<div class=\"flex_column av_one_fifth  flex_column_div av-zero-column-padding first  avia-builder-el-14  el_after_av_hr  el_before_av_three_fifth  responsive-hide \" style='border-radius:0px; '><section class=\"av_textblock_section \"  itemscope=\"itemscope\" itemtype=\"https:\/\/schema.org\/CreativeWork\" ><div class='avia_textblock  '   itemprop=\"text\" ><h4>By electric car<\/h4>\n<\/div><\/section><br \/>\n<span  class=\"av_font_icon avia_animate_when_visible avia-icon-animate  av-icon-style-  av-no-color avia-icon-pos-left \" style=\"\"><span class='av-icon-char' style='font-size:40px;line-height:40px;' aria-hidden='true' data-av_icon='\ue8b4' data-av_iconfont='entypo-fontello' ><\/span><\/span><\/p><\/div><div class=\"flex_column av_three_fifth  flex_column_div   avia-builder-el-17  el_after_av_one_fifth  el_before_av_one_fifth  \" ><section class=\"av_textblock_section \"  itemscope=\"itemscope\" itemtype=\"https:\/\/schema.org\/CreativeWork\" ><div class='avia_textblock  '   itemprop=\"text\" ><p><strong>The arrival is also possible by e-car.<\/strong><\/p>\n<\/div><\/section><\/div><div class=\"flex_column av_one_fifth  flex_column_div av-zero-column-padding   avia-builder-el-19  el_after_av_three_fifth  el_before_av_hr  responsive-hide \" style='border-radius:0px; '><\/div><div  style=' margin-top:30px; margin-bottom:47px;'  class='hr hr-custom hr-center hr-icon-no   avia-builder-el-20  el_after_av_one_fifth  el_before_av_one_fifth  anfahrt-space'><span class='hr-inner  inner-border-av-border-thin' style=' width:1200px; border-color:#212222;' ><span class='hr-inner-style'><\/span><\/span><\/div>\n<div class=\"flex_column av_one_fifth  flex_column_div av-zero-column-padding first  avia-builder-el-21  el_after_av_hr  el_before_av_three_fifth  responsive-hide \" style='border-radius:0px; '><section class=\"av_textblock_section \"  itemscope=\"itemscope\" itemtype=\"https:\/\/schema.org\/CreativeWork\" ><div class='avia_textblock  '   itemprop=\"text\" ><h4>By train<\/h4>\n<\/div><\/section><br \/>\n<span  class=\"av_font_icon avia_animate_when_visible avia-icon-animate  av-icon-style-  av-no-color avia-icon-pos-left \" style=\"\"><span class='av-icon-char' style='font-size:40px;line-height:40px;' aria-hidden='true' data-av_icon='\ue8bc' data-av_iconfont='entypo-fontello' ><\/span><\/span><\/p><\/div><div class=\"flex_column av_three_fifth  flex_column_div   avia-builder-el-24  el_after_av_one_fifth  el_before_av_one_fifth  \" ><section class=\"av_textblock_section \"  itemscope=\"itemscope\" itemtype=\"https:\/\/schema.org\/CreativeWork\" ><div class='avia_textblock  '   itemprop=\"text\" ><p>Leogang lies on the international railroad network. You can find the best connections online:<\/p>\n<ul>\n<li>for the arrival from Austria:\u00a0<a href=\"https:\/\/www.oebb.at\/en\/\" target=\"_blank\" rel=\"noopener noreferrer\">oebb.at<\/a><\/li>\n<li>for the arrival from Germany:\u00a0<a href=\"https:\/\/www.bahn.com\/en\/view\/index.shtml\" target=\"_blank\" rel=\"noopener noreferrer\">bahn.de<\/a><\/li>\n<li>for the arrival from Switzerland:\u00a0<a href=\"https:\/\/www.sbb.ch\/en\/home.html\" target=\"_blank\" rel=\"noopener noreferrer\">sbb.ch<\/a><\/li>\n<\/ul>\n<p><strong>Our stop is called \u201cLeogang Bahnhof\u201d. <\/strong>ATTENTION: Please do not get off at \u201cLeogang-Steinberge Bahnhof\u201d!<br \/>\nOur apartment is about 15 minutes from the train stop.<\/p>\n<\/div><\/section><\/div><div class=\"flex_column av_one_fifth  flex_column_div av-zero-column-padding   avia-builder-el-26  el_after_av_three_fifth  el_before_av_hr  responsive-hide \" style='border-radius:0px; '><\/div><div  style=' margin-top:30px; margin-bottom:47px;'  class='hr hr-custom hr-center hr-icon-no   avia-builder-el-27  el_after_av_one_fifth  el_before_av_one_fifth  anfahrt-space'><span class='hr-inner  inner-border-av-border-thin' style=' width:1200px; border-color:#212222;' ><span class='hr-inner-style'><\/span><\/span><\/div>\n<div class=\"flex_column av_one_fifth  flex_column_div av-zero-column-padding first  avia-builder-el-28  el_after_av_hr  el_before_av_three_fifth  responsive-hide \" style='border-radius:0px; '><section class=\"av_textblock_section \"  itemscope=\"itemscope\" itemtype=\"https:\/\/schema.org\/CreativeWork\" ><div class='avia_textblock  '   itemprop=\"text\" ><h4>By plane<\/h4>\n<\/div><\/section><br \/>\n<span  class=\"av_font_icon avia_animate_when_visible avia-icon-animate  av-icon-style-  av-no-color avia-icon-pos-left \" style=\"\"><span class='av-icon-char' style='font-size:40px;line-height:40px;' aria-hidden='true' data-av_icon='\ue8b6' data-av_iconfont='entypo-fontello' ><\/span><\/span><\/p><\/div><div class=\"flex_column av_three_fifth  flex_column_div   avia-builder-el-31  el_after_av_one_fifth  el_before_av_one_fifth  \" ><section class=\"av_textblock_section \"  itemscope=\"itemscope\" itemtype=\"https:\/\/schema.org\/CreativeWork\" ><div class='avia_textblock  '   itemprop=\"text\" ><p><strong>Airports:<\/strong><\/p>\n<ul>\n<li>Salzburg 69 kilometres<\/li>\n<li>Innsbruck 126 kilometres<\/li>\n<li>Munich 172 kilometres<\/li>\n<\/ul>\n<p>The airport Salzburg W.A. Mozart and the airport Munich are international airports with international lines landing and departing from there and also charter flights are highly frequented. From the airport Salzburg or Munich you have three possibilities to reach Apart Herzog:<\/p>\n<ul>\n<li>by train<\/li>\n<li>by taxi<\/li>\n<li>by rental car<\/li>\n<\/ul>\n<\/div><\/section><\/div><div class=\"flex_column av_one_fifth  flex_column_div av-zero-column-padding   avia-builder-el-33  el_after_av_three_fifth  el_before_av_hr  responsive-hide \" style='border-radius:0px; '><\/div><div  style=' margin-top:30px; margin-bottom:47px;'  class='hr hr-custom hr-center hr-icon-no   avia-builder-el-34  el_after_av_one_fifth  el_before_av_one_fifth  anfahrt-space'><span class='hr-inner  inner-border-av-border-thin' style=' width:1200px; border-color:#212222;' ><span class='hr-inner-style'><\/span><\/span><\/div>\n<div class=\"flex_column av_one_fifth  flex_column_div av-zero-column-padding first  avia-builder-el-35  el_after_av_hr  el_before_av_three_fifth  responsive-hide \" style='border-radius:0px; '><section class=\"av_textblock_section \"  itemscope=\"itemscope\" itemtype=\"https:\/\/schema.org\/CreativeWork\" ><div class='avia_textblock  '   itemprop=\"text\" ><h4>With the VIP<br \/>\nhelicopter<\/h4>\n<\/div><\/section><br \/>\n<span  class=\"av_font_icon avia_animate_when_visible avia-icon-animate  av-icon-style-  av-no-color avia-icon-pos-left \" style=\"\"><span class='av-icon-char' style='font-size:40px;line-height:40px;' aria-hidden='true' data-av_icon='\ue8b2' data-av_iconfont='entypo-fontello' ><\/span><\/span><\/p><\/div><div class=\"flex_column av_three_fifth  flex_column_div   avia-builder-el-38  el_after_av_one_fifth  el_before_av_one_fifth  \" ><section class=\"av_textblock_section \"  itemscope=\"itemscope\" itemtype=\"https:\/\/schema.org\/CreativeWork\" ><div class='avia_textblock  '   itemprop=\"text\" ><p><strong>Exclusive arriaval with the VIP helicopter from Sennair.<\/strong><\/p>\n<p>Our partner SENNAIR helicopter offers you what is probably the most exclusive way to get to Apart Herzog. You can admire the wonderful mountain world around the Leoganger Steinberge comfortably and stress-free on the helicopter flight to us in Leogang. Take off with the VIP helicopter from SENNAIR from Salzburg\/Munich Airport* and land in the immediate vicinity of your apartment. Book your unforgettable holiday now and make your arrival and departure an unforgettable highlight.<\/p>\n<p><strong>Book your flight experience:<\/strong><br \/>\nSennAir Helicopter GmbH<br \/>\nWeb:\u00a0<a href=\"http:\/\/www.sennair.at\/en\/\" target=\"_blank\" rel=\"noopener noreferrer\">www.sennair.at<\/a><br \/>\nMail:\u00a0<a href=\"mailto:info@sennair.at\" target=\"_blank\" rel=\"noopener noreferrer\">info@sennair.at<\/a><br \/>\nTel.\u00a0<a href=\"tel:+43-664-155-11-41\">+43 664 155 11 41<\/a><\/p>\n<p>*(other departure points on request)<br \/>\n**Flight duration: Munich &#8211; Leogang: 45 min \/ Salzburg &#8211; Leogang: 20 min<\/p>\n<\/div><\/section><\/div><div class=\"flex_column av_one_fifth  flex_column_div av-zero-column-padding   avia-builder-el-40  el_after_av_three_fifth  avia-builder-el-last  responsive-hide \" style='border-radius:0px; '><\/div><div  class='avia-button-wrap avia-button-center  avia-builder-el-41  el_after_av_section  avia-builder-el-last ' ><a href='https:\/\/www.apart-herzog.at\/en\/contact\/' class='avia-button avia-button-fullwidth  avia-font-color-theme-color av-icon-on-hover avia-icon_select-yes-right-icon avia-color-custom '  style='background-color:#272727; ' ><span class='avia_iconbox_title' >Any questions?<\/span><span class='avia_button_icon avia_button_icon_right' aria-hidden='true' data-av_icon='\ue805' data-av_iconfont='entypo-fontello'><\/span><div class='av-button-description av-button-description-below'><p>We look forward to your individual request!<\/p>\n<\/div><span class='avia_button_background avia-button avia-button-fullwidth avia-color-custom' style='background-color:#b17d33;'><\/span><\/a><\/div><\/p>\n","protected":false},"excerpt":{"rendered":"","protected":false},"author":1,"featured_media":4129,"parent":0,"menu_order":0,"comment_status":"open","ping_status":"closed","template":"","meta":[],"yoast_head":"<!-- This site is optimized with the Yoast SEO plugin v16.4 - https:\/\/yoast.com\/wordpress\/plugins\/seo\/ -->\n<title>Contact us - Apart Herzog Leogang<\/title>\n<meta name=\"description\" content=\"We at Apart Herzog in Leogang love to be there for our customers, if you have any questions, please just contact us.\" \/>\n<meta name=\"robots\" content=\"index, follow, max-snippet:-1, max-image-preview:large, max-video-preview:-1\" \/>\n<link rel=\"canonical\" href=\"https:\/\/www.apart-herzog.at\/en\/contact\/\" \/>\n<meta property=\"og:locale\" content=\"en_US\" \/>\n<meta property=\"og:type\" content=\"article\" \/>\n<meta property=\"og:title\" content=\"Contact us - Apart Herzog Leogang\" \/>\n<meta property=\"og:description\" content=\"We at Apart Herzog in Leogang love to be there for our customers, if you have any questions, please just contact us.\" \/>\n<meta property=\"og:url\" content=\"https:\/\/www.apart-herzog.at\/en\/contact\/\" \/>\n<meta property=\"og:site_name\" content=\"Apart Herzog Leogang\" \/>\n<meta property=\"article:publisher\" content=\"https:\/\/www.facebook.com\/apart.herzog\/\" \/>\n<meta property=\"article:modified_time\" content=\"2022-10-30T11:14:59+00:00\" \/>\n<meta property=\"og:image\" content=\"https:\/\/www.apart-herzog.at\/wp-content\/uploads\/2021\/02\/ApartHerzog_Leogang.jpg\" \/>\n\t<meta property=\"og:image:width\" content=\"2000\" \/>\n\t<meta property=\"og:image:height\" content=\"1335\" \/>\n<meta name=\"twitter:card\" content=\"summary_large_image\" \/>\n<meta name=\"twitter:label1\" content=\"Est. reading time\" \/>\n\t<meta name=\"twitter:data1\" content=\"17 minutes\" \/>\n<script type=\"application\/ld+json\" class=\"yoast-schema-graph\">{\"@context\":\"https:\/\/schema.org\",\"@graph\":[{\"@type\":\"Organization\",\"@id\":\"https:\/\/www.apart-herzog.at\/#organization\",\"name\":\"Apart Herzog\",\"url\":\"https:\/\/www.apart-herzog.at\/\",\"sameAs\":[\"https:\/\/www.facebook.com\/apart.herzog\/\"],\"logo\":{\"@type\":\"ImageObject\",\"@id\":\"https:\/\/www.apart-herzog.at\/#logo\",\"inLanguage\":\"en-US\",\"url\":\"https:\/\/www.apart-herzog.at\/wp-content\/uploads\/2022\/02\/AH_Beitragsbild_2022_01.jpg\",\"contentUrl\":\"https:\/\/www.apart-herzog.at\/wp-content\/uploads\/2022\/02\/AH_Beitragsbild_2022_01.jpg\",\"width\":1200,\"height\":630,\"caption\":\"Apart Herzog\"},\"image\":{\"@id\":\"https:\/\/www.apart-herzog.at\/#logo\"}},{\"@type\":\"WebSite\",\"@id\":\"https:\/\/www.apart-herzog.at\/#website\",\"url\":\"https:\/\/www.apart-herzog.at\/\",\"name\":\"Apart Herzog Leogang\",\"description\":\"powered by empx-design\",\"publisher\":{\"@id\":\"https:\/\/www.apart-herzog.at\/#organization\"},\"potentialAction\":[{\"@type\":\"SearchAction\",\"target\":\"https:\/\/www.apart-herzog.at\/?s={search_term_string}\",\"query-input\":\"required name=search_term_string\"}],\"inLanguage\":\"en-US\"},{\"@type\":\"ImageObject\",\"@id\":\"https:\/\/www.apart-herzog.at\/en\/contact\/#primaryimage\",\"inLanguage\":\"en-US\",\"url\":\"https:\/\/www.apart-herzog.at\/wp-content\/uploads\/2021\/02\/ApartHerzog_Leogang.jpg\",\"contentUrl\":\"https:\/\/www.apart-herzog.at\/wp-content\/uploads\/2021\/02\/ApartHerzog_Leogang.jpg\",\"width\":2000,\"height\":1335},{\"@type\":\"WebPage\",\"@id\":\"https:\/\/www.apart-herzog.at\/en\/contact\/#webpage\",\"url\":\"https:\/\/www.apart-herzog.at\/en\/contact\/\",\"name\":\"Contact us - Apart Herzog Leogang\",\"isPartOf\":{\"@id\":\"https:\/\/www.apart-herzog.at\/#website\"},\"primaryImageOfPage\":{\"@id\":\"https:\/\/www.apart-herzog.at\/en\/contact\/#primaryimage\"},\"datePublished\":\"2019-05-08T01:09:43+00:00\",\"dateModified\":\"2022-10-30T11:14:59+00:00\",\"description\":\"We at Apart Herzog in Leogang love to be there for our customers, if you have any questions, please just contact us.\",\"breadcrumb\":{\"@id\":\"https:\/\/www.apart-herzog.at\/en\/contact\/#breadcrumb\"},\"inLanguage\":\"en-US\",\"potentialAction\":[{\"@type\":\"ReadAction\",\"target\":[\"https:\/\/www.apart-herzog.at\/en\/contact\/\"]}]},{\"@type\":\"BreadcrumbList\",\"@id\":\"https:\/\/www.apart-herzog.at\/en\/contact\/#breadcrumb\",\"itemListElement\":[{\"@type\":\"ListItem\",\"position\":1,\"item\":{\"@type\":\"WebPage\",\"@id\":\"https:\/\/www.apart-herzog.at\/en\/home\/\",\"url\":\"https:\/\/www.apart-herzog.at\/en\/home\/\",\"name\":\"Startseite\"}},{\"@type\":\"ListItem\",\"position\":2,\"item\":{\"@id\":\"https:\/\/www.apart-herzog.at\/en\/contact\/#webpage\"}}]}]}<\/script>\n<!-- \/ Yoast SEO plugin. -->","_links":{"self":[{"href":"https:\/\/www.apart-herzog.at\/en\/wp-json\/wp\/v2\/pages\/2334"}],"collection":[{"href":"https:\/\/www.apart-herzog.at\/en\/wp-json\/wp\/v2\/pages"}],"about":[{"href":"https:\/\/www.apart-herzog.at\/en\/wp-json\/wp\/v2\/types\/page"}],"author":[{"embeddable":true,"href":"https:\/\/www.apart-herzog.at\/en\/wp-json\/wp\/v2\/users\/1"}],"replies":[{"embeddable":true,"href":"https:\/\/www.apart-herzog.at\/en\/wp-json\/wp\/v2\/comments?post=2334"}],"version-history":[{"count":45,"href":"https:\/\/www.apart-herzog.at\/en\/wp-json\/wp\/v2\/pages\/2334\/revisions"}],"predecessor-version":[{"id":8704,"href":"https:\/\/www.apart-herzog.at\/en\/wp-json\/wp\/v2\/pages\/2334\/revisions\/8704"}],"wp:featuredmedia":[{"embeddable":true,"href":"https:\/\/www.apart-herzog.at\/en\/wp-json\/wp\/v2\/media\/4129"}],"wp:attachment":[{"href":"https:\/\/www.apart-herzog.at\/en\/wp-json\/wp\/v2\/media?parent=2334"}],"curies":[{"name":"wp","href":"https:\/\/api.w.org\/{rel}","templated":true}]}}